{"id":784,"date":"2022-06-12T14:05:02","date_gmt":"2022-06-12T14:05:02","guid":{"rendered":"http:\/\/reunivervalencia.com\/?page_id=784"},"modified":"2022-07-12T08:25:58","modified_gmt":"2022-07-12T08:25:58","slug":"location","status":"publish","type":"page","link":"https:\/\/reunivervalencia.com\/en\/location\/","title":{"rendered":"Location"},"content":{"rendered":"\n<div class=\"wrapper-scrollMe\">\n<div class=\"scrollMe\"><\/div>\n<\/div>\n\n\n\n<div class=\"wp-block-group block-1 cover\"><div class=\"wp-block-group__inner-container\">\n<div class=\"wp-block-columns\">\n<div class=\"wp-block-column\">\n<h1>Where are we?<\/h1>\n<\/div>\n\n\n\n<div class=\"wp-block-column text\">\n<div class=\"wp-block-group\"><div class=\"wp-block-group__inner-container\">\n<p>Reuniver is located in the heart of the University quarter, 200 meters from the UPV (Polytechnic University of Valencia), the \u201cUniversidad Literaria\u201d and the new classrooms del \u201cCampus de los Naranjos\u201d. It is well connected to the \u201cUniversidad Cat\u00f3lica\u201d, the \u201cUniversidad Europea\u201d and the \u201cEstema\u201d business school. You can also arrive easily to the \u201cCampus de Burjassot\u201d and the \u201cCEU Cardenal Herrera\u201d.<\/p>\n<\/div><\/div>\n<\/div>\n<\/div>\n<\/div><\/div>\n\n\n\n<div class=\"wp-block-group block-2 slider type-1\"><div class=\"wp-block-group__inner-container\"><div class=\"slider type-1 swiper-container\"><ul class=\"swiper-wrapper\"><li class=\"swiper-slide slide-1\"><div class=\"inner\"><div class=\"text\"><p><span lang=\"en-US\">We are<br \/>\nconnected by<br \/>\nbus and metro<br \/>\nto the center<br \/>\n<\/span><span lang=\"en-US\">of Valencia<\/span><\/p>\n<ul>\n<li><span lang=\"en-US\">Bus 81, 31 <\/span><\/li>\n<li><span lang=\"en-US\">Metro 5,7<\/span><\/li>\n<\/ul>\n<\/div><div class=\"image\"><figure><img width=\"1000\" height=\"1124\" src=\"https:\/\/reunivervalencia.com\/wp-content\/uploads\/2022\/06\/autobus-metro-centro-valencia.jpg\" class=\"attachment-full size-full\" alt=\"\" loading=\"lazy\" srcset=\"https:\/\/reunivervalencia.com\/wp-content\/uploads\/2022\/06\/autobus-metro-centro-valencia.jpg 1000w, https:\/\/reunivervalencia.com\/wp-content\/uploads\/2022\/06\/autobus-metro-centro-valencia-267x300.jpg 267w, https:\/\/reunivervalencia.com\/wp-content\/uploads\/2022\/06\/autobus-metro-centro-valencia-911x1024.jpg 911w, https:\/\/reunivervalencia.com\/wp-content\/uploads\/2022\/06\/autobus-metro-centro-valencia-768x863.jpg 768w\" sizes=\"(max-width: 1000px) 100vw, 1000px\" \/><\/figure><\/div><\/div><\/li><li class=\"swiper-slide slide-2\"><div class=\"inner\"><div class=\"text\"><p><span lang=\"en-US\">The sea is less than<br \/>\n1 km away from<br \/>\nthe residence,<br \/>\nyou can go<br \/>\nbytramway<br \/>\nor bus<\/span><\/p>\n<ul>\n<li><span lang=\"en-US\">Bus 31, 32 <\/span><\/li>\n<li><span lang=\"en-US\">Tramway 5 and 7<\/span><\/li>\n<\/ul>\n<\/div><div class=\"image\"><figure><img width=\"1000\" height=\"1015\" src=\"https:\/\/reunivervalencia.com\/wp-content\/uploads\/2022\/06\/mar-a-menos-de-1-km.jpg\" class=\"attachment-full size-full\" alt=\"\" loading=\"lazy\" srcset=\"https:\/\/reunivervalencia.com\/wp-content\/uploads\/2022\/06\/mar-a-menos-de-1-km.jpg 1000w, https:\/\/reunivervalencia.com\/wp-content\/uploads\/2022\/06\/mar-a-menos-de-1-km-296x300.jpg 296w, https:\/\/reunivervalencia.com\/wp-content\/uploads\/2022\/06\/mar-a-menos-de-1-km-768x780.jpg 768w, https:\/\/reunivervalencia.com\/wp-content\/uploads\/2022\/06\/mar-a-menos-de-1-km-96x96.jpg 96w\" sizes=\"(max-width: 1000px) 100vw, 1000px\" \/><\/figure><\/div><\/div><\/li><li class=\"swiper-slide slide-3\"><div class=\"inner\"><div class=\"text\"><p><span lang=\"en-US\">At 100 meters<br \/>\nis Polideportivo<br \/>\nBeter\u00f3 to<br \/>\npractice sports,<br \/>\nwith special<br \/>\nprices for you.<\/span><\/p>\n<\/div><div class=\"image\"><figure><img width=\"1000\" height=\"1244\" src=\"https:\/\/reunivervalencia.com\/wp-content\/uploads\/2022\/06\/cerca-polideportivo-betero-universidad.jpg\" class=\"attachment-full size-full\" alt=\"\" loading=\"lazy\" srcset=\"https:\/\/reunivervalencia.com\/wp-content\/uploads\/2022\/06\/cerca-polideportivo-betero-universidad.jpg 1000w, https:\/\/reunivervalencia.com\/wp-content\/uploads\/2022\/06\/cerca-polideportivo-betero-universidad-241x300.jpg 241w, https:\/\/reunivervalencia.com\/wp-content\/uploads\/2022\/06\/cerca-polideportivo-betero-universidad-823x1024.jpg 823w, https:\/\/reunivervalencia.com\/wp-content\/uploads\/2022\/06\/cerca-polideportivo-betero-universidad-768x955.jpg 768w\" sizes=\"(max-width: 1000px) 100vw, 1000px\" \/><\/figure><\/div><\/div><\/li><\/ul><\/div><div class=\"swiper-pagination\"><\/div>\n<\/div><\/div>\n\n\n\n<div class=\"wp-block-group block-3\"><div class=\"wp-block-group__inner-container\">\n<h2>Reuniver Valencia<\/h2>\n\n\n\n<p>Calle de Jos\u00e9 Mar\u00eda Haro. 59<br>46022 Val\u00e8ncia, Valencia<\/p>\n<\/div><\/div>\n\n\n\n<div class=\"wp-block-group block-4 map\"><div class=\"wp-block-group__inner-container\">\n<iframe src=\"https:\/\/www.google.com\/maps\/embed?pb=!1m18!1m12!1m3!1d3079.848729665438!2d-0.33924468469728525!3d39.472745979486064!2m3!1f0!2f0!3f0!3m2!1i1024!2i768!4f13.1!3m3!1m2!1s0xd6048627f269295%3A0xeafd5c512ef86fa2!2sReuniver%20Valencia.!5e0!3m2!1ses!2ses!4v1655027977089!5m2!1ses!2ses\" style=\"border:0;\" allowfullscreen=\"\" loading=\"lazy\" referrerpolicy=\"no-referrer-when-downgrade\" width=\"600\" height=\"450\"><\/iframe>\n<\/div><\/div>\n","protected":false},"excerpt":{"rendered":"<p>Where are we? Reuniver is located in the heart of the University quarter, 200 meters from the UPV (Polytechnic University of Valencia), the \u201cUniversidad Literaria\u201d and the new classrooms del \u201cCampus de los Naranjos\u201d. It is well connected to the \u201cUniversidad Cat\u00f3lica\u201d, the \u201cUniversidad Europea\u201d and the \u201cEstema\u201d business school. You can also arrive easily [&hellip;]<\/p>\n","protected":false},"author":1,"featured_media":0,"parent":0,"menu_order":0,"comment_status":"closed","ping_status":"closed","template":"fullwidth-without-title.php","meta":[],"yoast_head":"<!-- This site is optimized with the Yoast SEO plugin v19.3 - https:\/\/yoast.com\/wordpress\/plugins\/seo\/ -->\n<title>Location - Reuniver<\/title>\n<meta name=\"robots\" content=\"index, follow, max-snippet:-1, max-image-preview:large, max-video-preview:-1\" \/>\n<link rel=\"canonical\" href=\"https:\/\/reunivervalencia.com\/en\/location\/\" \/>\n<meta property=\"og:locale\" content=\"en_US\" \/>\n<meta property=\"og:type\" content=\"article\" \/>\n<meta property=\"og:title\" content=\"Location - Reuniver\" \/>\n<meta property=\"og:description\" content=\"Where are we? Reuniver is located in the heart of the University quarter, 200 meters from the UPV (Polytechnic University of Valencia), the \u201cUniversidad Literaria\u201d and the new classrooms del \u201cCampus de los Naranjos\u201d. It is well connected to the \u201cUniversidad Cat\u00f3lica\u201d, the \u201cUniversidad Europea\u201d and the \u201cEstema\u201d business school. You can also arrive easily [&hellip;]\" \/>\n<meta property=\"og:url\" content=\"https:\/\/reunivervalencia.com\/en\/location\/\" \/>\n<meta property=\"og:site_name\" content=\"Reuniver\" \/>\n<meta property=\"article:modified_time\" content=\"2022-07-12T08:25:58+00:00\" \/>\n<meta name=\"twitter:card\" content=\"summary_large_image\" \/>\n<meta name=\"twitter:label1\" content=\"Est. reading time\" \/>\n\t<meta name=\"twitter:data1\" content=\"1 minute\" \/>\n<script type=\"application\/ld+json\" class=\"yoast-schema-graph\">{\"@context\":\"https:\/\/schema.org\",\"@graph\":[{\"@type\":\"WebSite\",\"@id\":\"https:\/\/reunivervalencia.com\/#website\",\"url\":\"https:\/\/reunivervalencia.com\/\",\"name\":\"Reuniver\",\"description\":\"Your other home in Valencia\",\"potentialAction\":[{\"@type\":\"SearchAction\",\"target\":{\"@type\":\"EntryPoint\",\"urlTemplate\":\"https:\/\/reunivervalencia.com\/?s={search_term_string}\"},\"query-input\":\"required name=search_term_string\"}],\"inLanguage\":\"en-US\"},{\"@type\":\"WebPage\",\"@id\":\"https:\/\/reunivervalencia.com\/en\/location\/\",\"url\":\"https:\/\/reunivervalencia.com\/en\/location\/\",\"name\":\"Location - Reuniver\",\"isPartOf\":{\"@id\":\"https:\/\/reunivervalencia.com\/#website\"},\"datePublished\":\"2022-06-12T14:05:02+00:00\",\"dateModified\":\"2022-07-12T08:25:58+00:00\",\"breadcrumb\":{\"@id\":\"https:\/\/reunivervalencia.com\/en\/location\/#breadcrumb\"},\"inLanguage\":\"en-US\",\"potentialAction\":[{\"@type\":\"ReadAction\",\"target\":[\"https:\/\/reunivervalencia.com\/en\/location\/\"]}]},{\"@type\":\"BreadcrumbList\",\"@id\":\"https:\/\/reunivervalencia.com\/en\/location\/#breadcrumb\",\"itemListElement\":[{\"@type\":\"ListItem\",\"position\":1,\"name\":\"Portada\",\"item\":\"https:\/\/reunivervalencia.com\/en\/\"},{\"@type\":\"ListItem\",\"position\":2,\"name\":\"Location\"}]}]}<\/script>\n<!-- \/ Yoast SEO plugin. -->","yoast_head_json":{"title":"Location - Reuniver","robots":{"index":"index","follow":"follow","max-snippet":"max-snippet:-1","max-image-preview":"max-image-preview:large","max-video-preview":"max-video-preview:-1"},"canonical":"https:\/\/reunivervalencia.com\/en\/location\/","og_locale":"en_US","og_type":"article","og_title":"Location - Reuniver","og_description":"Where are we? Reuniver is located in the heart of the University quarter, 200 meters from the UPV (Polytechnic University of Valencia), the \u201cUniversidad Literaria\u201d and the new classrooms del \u201cCampus de los Naranjos\u201d. It is well connected to the \u201cUniversidad Cat\u00f3lica\u201d, the \u201cUniversidad Europea\u201d and the \u201cEstema\u201d business school. You can also arrive easily [&hellip;]","og_url":"https:\/\/reunivervalencia.com\/en\/location\/","og_site_name":"Reuniver","article_modified_time":"2022-07-12T08:25:58+00:00","twitter_card":"summary_large_image","twitter_misc":{"Est. reading time":"1 minute"},"schema":{"@context":"https:\/\/schema.org","@graph":[{"@type":"WebSite","@id":"https:\/\/reunivervalencia.com\/#website","url":"https:\/\/reunivervalencia.com\/","name":"Reuniver","description":"Your other home in Valencia","potentialAction":[{"@type":"SearchAction","target":{"@type":"EntryPoint","urlTemplate":"https:\/\/reunivervalencia.com\/?s={search_term_string}"},"query-input":"required name=search_term_string"}],"inLanguage":"en-US"},{"@type":"WebPage","@id":"https:\/\/reunivervalencia.com\/en\/location\/","url":"https:\/\/reunivervalencia.com\/en\/location\/","name":"Location - Reuniver","isPartOf":{"@id":"https:\/\/reunivervalencia.com\/#website"},"datePublished":"2022-06-12T14:05:02+00:00","dateModified":"2022-07-12T08:25:58+00:00","breadcrumb":{"@id":"https:\/\/reunivervalencia.com\/en\/location\/#breadcrumb"},"inLanguage":"en-US","potentialAction":[{"@type":"ReadAction","target":["https:\/\/reunivervalencia.com\/en\/location\/"]}]},{"@type":"BreadcrumbList","@id":"https:\/\/reunivervalencia.com\/en\/location\/#breadcrumb","itemListElement":[{"@type":"ListItem","position":1,"name":"Portada","item":"https:\/\/reunivervalencia.com\/en\/"},{"@type":"ListItem","position":2,"name":"Location"}]}]}},"_links":{"self":[{"href":"https:\/\/reunivervalencia.com\/en\/wp-json\/wp\/v2\/pages\/784"}],"collection":[{"href":"https:\/\/reunivervalencia.com\/en\/wp-json\/wp\/v2\/pages"}],"about":[{"href":"https:\/\/reunivervalencia.com\/en\/wp-json\/wp\/v2\/types\/page"}],"author":[{"embeddable":true,"href":"https:\/\/reunivervalencia.com\/en\/wp-json\/wp\/v2\/users\/1"}],"replies":[{"embeddable":true,"href":"https:\/\/reunivervalencia.com\/en\/wp-json\/wp\/v2\/comments?post=784"}],"version-history":[{"count":10,"href":"https:\/\/reunivervalencia.com\/en\/wp-json\/wp\/v2\/pages\/784\/revisions"}],"predecessor-version":[{"id":1293,"href":"https:\/\/reunivervalencia.com\/en\/wp-json\/wp\/v2\/pages\/784\/revisions\/1293"}],"wp:attachment":[{"href":"https:\/\/reunivervalencia.com\/en\/wp-json\/wp\/v2\/media?parent=784"}],"curies":[{"name":"wp","href":"https:\/\/api.w.org\/{rel}","templated":true}]}}