{"id":1242,"date":"2022-06-29T07:16:46","date_gmt":"2022-06-29T07:16:46","guid":{"rendered":"http:\/\/reunivervalencia.com\/?page_id=1242"},"modified":"2022-07-12T08:28:56","modified_gmt":"2022-07-12T08:28:56","slug":"politique-de-confidentialite","status":"publish","type":"page","link":"https:\/\/reunivervalencia.com\/fr\/politique-de-confidentialite\/","title":{"rendered":"Pol\u00edtica de privacidad"},"content":{"rendered":"\n<p>El titular del sitio web reunivervalencia.com es Reuniver Valencia SL, as\u00ed como el titular y responsable de los ficheros con la informaci\u00f3n de car\u00e1cter personal suministrada voluntariamente por sus usuarios habiendo adoptado todas las medidas de seguridad requeridas legalmente para la protecci\u00f3n de los datos y la intimidad de los usuarios.<\/p>\n\n\n\n<p>El tratamiento de los datos personales que se realiza a trav\u00e9s del presente sitio web cumple con lo establecido en la Ley Org\u00e1nica 15\/1999, de 13 de diciembre y con las medidas de seguridad que le sean de aplicaci\u00f3n seg\u00fan el Real Decreto 1720\/2007, de 21 de diciembre.<\/p>\n\n\n\n<h2>Derecho de informaci\u00f3n<\/h2>\n\n\n\n<p>Si el usuario decide solicitar informaci\u00f3n en nuestro sitio web, se solicitar\u00e1n los datos estrictamente necesarios para la consecuci\u00f3n del fin al cual est\u00e1 destinado nuestro sitio web, que es el de la informaci\u00f3n y promoci\u00f3n de nuestros servicios, todos ellos disponibles en nuestro sitio web. En ning\u00fan caso ser\u00e1n utilizados para finalidades distintas de aquellas para las que han sido voluntariamente introducidos en el sitio web.<\/p>\n\n\n\n<p>Los datos personales que el usuario nos proporcione pasar\u00e1n a formar parte de un fichero de datos de car\u00e1cter personal. Dichos datos personales ser\u00e1n objeto de tratamiento, siempre que el usuario haya prestado su consentimiento con anterioridad, que lo presta al hacer click en el bot\u00f3n \u201cENVIAR\u201d y podr\u00e1 revocar el consentimiento siempre que lo desee.<\/p>\n\n\n\n<p>Los que voluntariamente faciliten sus datos al titular del sitio web por cualquiera de los medios establecidos al efecto en cada momento, consienten y aceptan conocer de modo expreso, preciso e inequ\u00edvoco:<\/p>\n\n\n\n<p>\u00b7 Que la introducci\u00f3n en el fichero y el tratamiento de los datos de car\u00e1cter personal tiene como finalidad la gesti\u00f3n de la petici\u00f3n , solicitud o consulta, y el mantenimiento de las relaciones entre el sitio web y sus usuarios.<\/p>\n\n\n\n<p>\u00b7 Que el usuario autoriza expresamente el que puedan utiliz\u00e1rselos datos facilitados para remitirle, por cualquier medio de comunicaci\u00f3n, incluidos electr\u00f3nicos, comunicaciones comerciales, newsletter con informaci\u00f3n de inter\u00e9s, y comunicaciones recordatorio.<\/p>\n\n\n\n<p>\u00b7 Que autoriza a REUNIVER VALENCIA SL a que utilice sus datos para las finalidades expresadas a la hora de contratar cualquiera de los productos o servicios en concreto.<\/p>\n\n\n\n<p>\u00b7 Que en cualquier momento podr\u00e1 revocar su consentimiento dirigiendo una comunicaci\u00f3n al sitio web, a trav\u00e9s de la cuenta de correo electr\u00f3nico info@reunivervalencia.com.<\/p>\n\n\n\n<h2>Derechos de Acceso, Rectificaci\u00f3n, Oposici\u00f3n y Cancelaci\u00f3n<\/h2>\n\n\n\n<p>En cualquier momento, el usuario tiene derecho a acceder a su informaci\u00f3n, a rectificarla si sus datos son err\u00f3neos, a oponerse a alg\u00fan tipo de tratamiento asociado al mantenimiento de la relaci\u00f3n contractual, a revocar el consentimiento otorgado y a darse de baja de los servicios de REUNIVE VALENCIA SL.<\/p>\n\n\n\n<p>Estos derechos pueden hacerse efectivos previa acreditaci\u00f3n de la personalidad en las formas y en los plazos establecidos en el Real Decreto 1720\/2007, de 21 de diciembre, dirigiendo un escrito a la a la direcci\u00f3n postal que figura en el Aviso legal del Web.<\/p>\n\n\n\n<p>El tratamiento de los datos personales y el env\u00edo de comunicaciones por medios electr\u00f3nicos, en su caso, est\u00e1n ajustados a la normativa establecida en la Ley Org\u00e1nica 15\/1999, de 13 de diciembre, de Protecci\u00f3n de Datos de Car\u00e1cter Personal y en la Ley 34\/2002, de 11 de julio, de Servicios de la Sociedad de la Informaci\u00f3n y de Comercio Electr\u00f3nico.<\/p>\n","protected":false},"excerpt":{"rendered":"<p>El titular del sitio web reunivervalencia.com es Reuniver Valencia SL, as\u00ed como el titular y responsable de los ficheros con la informaci\u00f3n de car\u00e1cter personal suministrada voluntariamente por sus usuarios habiendo adoptado todas las medidas de seguridad requeridas legalmente para la protecci\u00f3n de los datos y la intimidad de los usuarios. El tratamiento de los [&hellip;]<\/p>\n","protected":false},"author":1,"featured_media":0,"parent":0,"menu_order":0,"comment_status":"closed","ping_status":"closed","template":"legal-text.php","meta":[],"yoast_head":"<!-- This site is optimized with the Yoast SEO plugin v19.3 - https:\/\/yoast.com\/wordpress\/plugins\/seo\/ -->\n<title>Pol\u00edtica de privacidad - Reuniver<\/title>\n<meta name=\"robots\" content=\"index, follow, max-snippet:-1, max-image-preview:large, max-video-preview:-1\" \/>\n<link rel=\"canonical\" href=\"https:\/\/reunivervalencia.com\/fr\/politique-de-confidentialite\/\" \/>\n<meta property=\"og:locale\" content=\"fr_FR\" \/>\n<meta property=\"og:type\" content=\"article\" \/>\n<meta property=\"og:title\" content=\"Pol\u00edtica de privacidad - Reuniver\" \/>\n<meta property=\"og:description\" content=\"El titular del sitio web reunivervalencia.com es Reuniver Valencia SL, as\u00ed como el titular y responsable de los ficheros con la informaci\u00f3n de car\u00e1cter personal suministrada voluntariamente por sus usuarios habiendo adoptado todas las medidas de seguridad requeridas legalmente para la protecci\u00f3n de los datos y la intimidad de los usuarios. El tratamiento de los [&hellip;]\" \/>\n<meta property=\"og:url\" content=\"https:\/\/reunivervalencia.com\/fr\/politique-de-confidentialite\/\" \/>\n<meta property=\"og:site_name\" content=\"Reuniver\" \/>\n<meta property=\"article:modified_time\" content=\"2022-07-12T08:28:56+00:00\" \/>\n<meta name=\"twitter:card\" content=\"summary_large_image\" \/>\n<meta name=\"twitter:label1\" content=\"Dur\u00e9e de lecture estim\u00e9e\" \/>\n\t<meta name=\"twitter:data1\" content=\"3 minutes\" \/>\n<script type=\"application\/ld+json\" class=\"yoast-schema-graph\">{\"@context\":\"https:\/\/schema.org\",\"@graph\":[{\"@type\":\"WebSite\",\"@id\":\"https:\/\/reunivervalencia.com\/#website\",\"url\":\"https:\/\/reunivervalencia.com\/\",\"name\":\"Reuniver\",\"description\":\"Votre autre maison \u00e0 Valencia\",\"potentialAction\":[{\"@type\":\"SearchAction\",\"target\":{\"@type\":\"EntryPoint\",\"urlTemplate\":\"https:\/\/reunivervalencia.com\/?s={search_term_string}\"},\"query-input\":\"required name=search_term_string\"}],\"inLanguage\":\"fr-FR\"},{\"@type\":\"WebPage\",\"@id\":\"https:\/\/reunivervalencia.com\/fr\/politique-de-confidentialite\/\",\"url\":\"https:\/\/reunivervalencia.com\/fr\/politique-de-confidentialite\/\",\"name\":\"Pol\u00edtica de privacidad - Reuniver\",\"isPartOf\":{\"@id\":\"https:\/\/reunivervalencia.com\/#website\"},\"datePublished\":\"2022-06-29T07:16:46+00:00\",\"dateModified\":\"2022-07-12T08:28:56+00:00\",\"breadcrumb\":{\"@id\":\"https:\/\/reunivervalencia.com\/fr\/politique-de-confidentialite\/#breadcrumb\"},\"inLanguage\":\"fr-FR\",\"potentialAction\":[{\"@type\":\"ReadAction\",\"target\":[\"https:\/\/reunivervalencia.com\/fr\/politique-de-confidentialite\/\"]}]},{\"@type\":\"BreadcrumbList\",\"@id\":\"https:\/\/reunivervalencia.com\/fr\/politique-de-confidentialite\/#breadcrumb\",\"itemListElement\":[{\"@type\":\"ListItem\",\"position\":1,\"name\":\"Portada\",\"item\":\"https:\/\/reunivervalencia.com\/fr\/\"},{\"@type\":\"ListItem\",\"position\":2,\"name\":\"Pol\u00edtica de privacidad\"}]}]}<\/script>\n<!-- \/ Yoast SEO plugin. -->","yoast_head_json":{"title":"Pol\u00edtica de privacidad - Reuniver","robots":{"index":"index","follow":"follow","max-snippet":"max-snippet:-1","max-image-preview":"max-image-preview:large","max-video-preview":"max-video-preview:-1"},"canonical":"https:\/\/reunivervalencia.com\/fr\/politique-de-confidentialite\/","og_locale":"fr_FR","og_type":"article","og_title":"Pol\u00edtica de privacidad - Reuniver","og_description":"El titular del sitio web reunivervalencia.com es Reuniver Valencia SL, as\u00ed como el titular y responsable de los ficheros con la informaci\u00f3n de car\u00e1cter personal suministrada voluntariamente por sus usuarios habiendo adoptado todas las medidas de seguridad requeridas legalmente para la protecci\u00f3n de los datos y la intimidad de los usuarios. El tratamiento de los [&hellip;]","og_url":"https:\/\/reunivervalencia.com\/fr\/politique-de-confidentialite\/","og_site_name":"Reuniver","article_modified_time":"2022-07-12T08:28:56+00:00","twitter_card":"summary_large_image","twitter_misc":{"Dur\u00e9e de lecture estim\u00e9e":"3 minutes"},"schema":{"@context":"https:\/\/schema.org","@graph":[{"@type":"WebSite","@id":"https:\/\/reunivervalencia.com\/#website","url":"https:\/\/reunivervalencia.com\/","name":"Reuniver","description":"Votre autre maison \u00e0 Valencia","potentialAction":[{"@type":"SearchAction","target":{"@type":"EntryPoint","urlTemplate":"https:\/\/reunivervalencia.com\/?s={search_term_string}"},"query-input":"required name=search_term_string"}],"inLanguage":"fr-FR"},{"@type":"WebPage","@id":"https:\/\/reunivervalencia.com\/fr\/politique-de-confidentialite\/","url":"https:\/\/reunivervalencia.com\/fr\/politique-de-confidentialite\/","name":"Pol\u00edtica de privacidad - Reuniver","isPartOf":{"@id":"https:\/\/reunivervalencia.com\/#website"},"datePublished":"2022-06-29T07:16:46+00:00","dateModified":"2022-07-12T08:28:56+00:00","breadcrumb":{"@id":"https:\/\/reunivervalencia.com\/fr\/politique-de-confidentialite\/#breadcrumb"},"inLanguage":"fr-FR","potentialAction":[{"@type":"ReadAction","target":["https:\/\/reunivervalencia.com\/fr\/politique-de-confidentialite\/"]}]},{"@type":"BreadcrumbList","@id":"https:\/\/reunivervalencia.com\/fr\/politique-de-confidentialite\/#breadcrumb","itemListElement":[{"@type":"ListItem","position":1,"name":"Portada","item":"https:\/\/reunivervalencia.com\/fr\/"},{"@type":"ListItem","position":2,"name":"Pol\u00edtica de privacidad"}]}]}},"_links":{"self":[{"href":"https:\/\/reunivervalencia.com\/fr\/wp-json\/wp\/v2\/pages\/1242"}],"collection":[{"href":"https:\/\/reunivervalencia.com\/fr\/wp-json\/wp\/v2\/pages"}],"about":[{"href":"https:\/\/reunivervalencia.com\/fr\/wp-json\/wp\/v2\/types\/page"}],"author":[{"embeddable":true,"href":"https:\/\/reunivervalencia.com\/fr\/wp-json\/wp\/v2\/users\/1"}],"replies":[{"embeddable":true,"href":"https:\/\/reunivervalencia.com\/fr\/wp-json\/wp\/v2\/comments?post=1242"}],"version-history":[{"count":6,"href":"https:\/\/reunivervalencia.com\/fr\/wp-json\/wp\/v2\/pages\/1242\/revisions"}],"predecessor-version":[{"id":1303,"href":"https:\/\/reunivervalencia.com\/fr\/wp-json\/wp\/v2\/pages\/1242\/revisions\/1303"}],"wp:attachment":[{"href":"https:\/\/reunivervalencia.com\/fr\/wp-json\/wp\/v2\/media?parent=1242"}],"curies":[{"name":"wp","href":"https:\/\/api.w.org\/{rel}","templated":true}]}}