{"id":710,"date":"2022-06-10T07:54:12","date_gmt":"2022-06-10T07:54:12","guid":{"rendered":"http:\/\/reunivervalencia.com\/?page_id=710"},"modified":"2022-07-12T08:18:40","modified_gmt":"2022-07-12T08:18:40","slug":"home","status":"publish","type":"page","link":"https:\/\/reunivervalencia.com\/fr\/","title":{"rendered":"Home"},"content":{"rendered":"\n<div class=\"wrapper-scrollMe\">\n<div class=\"scrollMe\"><\/div>\n<\/div>\n\n\n\n<div class=\"wp-block-group block-1 cover\"><div class=\"wp-block-group__inner-container\">\n<h1>Votre autre maison<br> \u00e0 Valencia<\/h1>\n\n\n\n<figure class=\"wp-block-image size-full\" data-aos=\"fade-up\"><img loading=\"lazy\" width=\"776\" height=\"981\" src=\"http:\/\/reunivervalencia.com\/wp-content\/uploads\/2022\/06\/principal-home.jpg\" alt=\"\" class=\"wp-image-210\" srcset=\"https:\/\/reunivervalencia.com\/wp-content\/uploads\/2022\/06\/principal-home.jpg 776w, https:\/\/reunivervalencia.com\/wp-content\/uploads\/2022\/06\/principal-home-237x300.jpg 237w, https:\/\/reunivervalencia.com\/wp-content\/uploads\/2022\/06\/principal-home-768x971.jpg 768w, https:\/\/reunivervalencia.com\/wp-content\/uploads\/2022\/06\/principal-home-500x632.jpg 500w\" sizes=\"(max-width: 776px) 100vw, 776px\" \/><\/figure>\n<\/div><\/div>\n\n\n\n<div class=\"wp-block-group alignfull block-2\"><div class=\"wp-block-group__inner-container\">\n<div class=\"wp-block-group container\"><div class=\"wp-block-group__inner-container\">\n<h2>Reuniver Valencia <br>ta r\u00e9sidence universitaire<\/h2>\n\n\n\n<p>Reuniver est tr\u00e8s proche de la UPV et du campus de Los Naranjos de l&rsquo;Universit\u00e9 de Valencia. Nous accumulons une exp\u00e9rience de plus de 20 ans comme r\u00e9sidence universitaire. Notre objectif est que ton s\u00e9jour parmi nous soit une exp\u00e9rience personnelle inoubliable et que tu atteignes tes objectifs acad\u00e9miques. Concentre toi sur tes \u00e9tudes, nous nous occupons du reste.Pour cela nous mettons \u00e0 ta disposition des installations modernes et confortables ainsi qu&rsquo;une attention personnalis\u00e9e, 24 heures sur 24.<\/p>\n\n\n\n<div class=\"wp-block-buttons\">\n<div class=\"wp-block-button\"><a class=\"wp-block-button__link\" href=\"https:\/\/reunivervalencia.com\/fr\/contacte-nous\/\">D\u00e9couvre nous<\/a><\/div>\n<\/div>\n<\/div><\/div>\n\n\n\n<div class=\"illustration\"><\/div>\n<div class=\"scroll-1\"><\/div>\n<\/div><\/div>\n\n\n\n<div class=\"wp-block-group block-3 featured-text\"><div class=\"wp-block-group__inner-container\">\n<h2>La r\u00e9sidence dispose de <a data-type=\"page\" data-id=\"739\" href=\"https:\/\/reunivervalencia.com\/fr\/chambres\/\">60 chambres<\/a> <br>r\u00e9parties sur 3 niveaux d&rsquo;un immeuble <br>de construction r\u00e9cente.<\/h2>\n<\/div><\/div>\n\n\n\n<div class=\"wp-block-group block-4 featured-text image-inside-text\"><div class=\"wp-block-group__inner-container\">\n<h2><a href=\"https:\/\/reunivervalencia.com\/fr\/installations-et-services\/\" data-type=\"page\" data-id=\"717\">Nos installations,<\/a> avec restaurant, <br>et la qualit\u00e9 de notre \u00e9quipe <img loading=\"lazy\" width=\"300\" height=\"126\" class=\"wp-image-413\" style=\"width: 150px;\" src=\"http:\/\/reunivervalencia.com\/wp-content\/uploads\/2022\/06\/instalaciones-home.jpg\" alt=\"\"> te feront <br>sentir comme \u00e0 la maison\u2026 <br>7 jours sur 7.<\/h2>\n<\/div><\/div>\n\n\n\n<div class=\"wp-block-group block-5\"><div class=\"wp-block-group__inner-container\"><div class=\"slider type-1 swiper-container\"><ul class=\"swiper-wrapper\"><li class=\"swiper-slide slide-1\"><div class=\"inner\"><div class=\"text\"><p>Nous sommes<br \/>\nune petite<br \/>\nr\u00e9sidence, avec<br \/>\nune ambiance<br \/>\nfamiliale<br \/>\net proche.<\/p>\n<a href=\"http:\/\/reunivervalencia.com\/fr\/notre-equipe\/\" class=\"wp-block-button__link\">D\u00e9couvre nous<\/a><\/div><div class=\"image\"><figure><img width=\"1000\" height=\"1120\" src=\"https:\/\/reunivervalencia.com\/wp-content\/uploads\/2022\/06\/residencia-pequena-ambiente-familiar.jpg\" class=\"attachment-full size-full\" alt=\"\" loading=\"lazy\" srcset=\"https:\/\/reunivervalencia.com\/wp-content\/uploads\/2022\/06\/residencia-pequena-ambiente-familiar.jpg 1000w, https:\/\/reunivervalencia.com\/wp-content\/uploads\/2022\/06\/residencia-pequena-ambiente-familiar-268x300.jpg 268w, https:\/\/reunivervalencia.com\/wp-content\/uploads\/2022\/06\/residencia-pequena-ambiente-familiar-914x1024.jpg 914w, https:\/\/reunivervalencia.com\/wp-content\/uploads\/2022\/06\/residencia-pequena-ambiente-familiar-768x860.jpg 768w\" sizes=\"(max-width: 1000px) 100vw, 1000px\" \/><\/figure><\/div><\/div><\/li><li class=\"swiper-slide slide-2\"><div class=\"inner\"><div class=\"text\"><p>Nous nous<br \/>\ntrouvons \u00e0<br \/>\n400 m\u00e8tres de<br \/>\nla UPV et de<br \/>\nL\u00b4Universit\u00e9<br \/>\nde Valencia.<\/p>\n<a href=\"http:\/\/reunivervalencia.com\/fr\/localizacion\/\" class=\"wp-block-button__link\">O\u00f9 sommes nous?<\/a><\/div><div class=\"image\"><figure><img width=\"1000\" height=\"1091\" src=\"https:\/\/reunivervalencia.com\/wp-content\/uploads\/2022\/06\/cerca-upv-univeridad-valencia.jpg\" class=\"attachment-full size-full\" alt=\"\" loading=\"lazy\" srcset=\"https:\/\/reunivervalencia.com\/wp-content\/uploads\/2022\/06\/cerca-upv-univeridad-valencia.jpg 1000w, https:\/\/reunivervalencia.com\/wp-content\/uploads\/2022\/06\/cerca-upv-univeridad-valencia-275x300.jpg 275w, https:\/\/reunivervalencia.com\/wp-content\/uploads\/2022\/06\/cerca-upv-univeridad-valencia-939x1024.jpg 939w, https:\/\/reunivervalencia.com\/wp-content\/uploads\/2022\/06\/cerca-upv-univeridad-valencia-768x838.jpg 768w\" sizes=\"(max-width: 1000px) 100vw, 1000px\" \/><\/figure><\/div><\/div><\/li><li class=\"swiper-slide slide-3\"><div class=\"inner\"><div class=\"text\"><p>Attention<br \/>\npersonnalis\u00e9e<br \/>\n24\/24<\/p>\n<a href=\"http:\/\/reunivervalencia.com\/fr\/contactez-nous\/\" class=\"wp-block-button__link\">Contacte nous<\/a><\/div><div class=\"image\"><figure><img width=\"1000\" height=\"1098\" src=\"https:\/\/reunivervalencia.com\/wp-content\/uploads\/2022\/06\/asistencia-24h.jpg\" class=\"attachment-full size-full\" alt=\"\" loading=\"lazy\" srcset=\"https:\/\/reunivervalencia.com\/wp-content\/uploads\/2022\/06\/asistencia-24h.jpg 1000w, https:\/\/reunivervalencia.com\/wp-content\/uploads\/2022\/06\/asistencia-24h-273x300.jpg 273w, https:\/\/reunivervalencia.com\/wp-content\/uploads\/2022\/06\/asistencia-24h-933x1024.jpg 933w, https:\/\/reunivervalencia.com\/wp-content\/uploads\/2022\/06\/asistencia-24h-768x843.jpg 768w\" sizes=\"(max-width: 1000px) 100vw, 1000px\" \/><\/figure><\/div><\/div><\/li><\/ul><\/div><div class=\"swiper-pagination\"><\/div>\n<\/div><\/div>\n\n\n\n<div class=\"wp-block-group block-6 scroll-2\"><div class=\"wp-block-group__inner-container\">\n<div class=\"wp-block-columns is-not-stacked-on-mobile\">\n<div class=\"wp-block-column text\">\n<div class=\"wp-block-group\"><div class=\"wp-block-group__inner-container\">\n<h2><strong>Regarde ta prochaine chambre<\/strong><\/h2>\n\n\n\n<p>Nous disposons de 60 chambres spacieuses, toutes ext\u00e9rieures avec chacune sa salle de bain.<\/p>\n\n\n\n<div class=\"wp-block-buttons\">\n<div class=\"wp-block-button\"><a class=\"wp-block-button__link\" href=\"https:\/\/reunivervalencia.com\/fr\/chambres\/\">Ta chambre<\/a><\/div>\n<\/div>\n<\/div><\/div>\n<\/div>\n\n\n\n<div class=\"wp-block-column image\">\n<figure class=\"wp-block-image size-full\"><img loading=\"lazy\" width=\"1000\" height=\"1000\" src=\"http:\/\/reunivervalencia.com\/wp-content\/uploads\/2022\/06\/habitacion-doble-de-uso-individual-con-balcon-y-bano-interior.jpg\" alt=\"\" class=\"wp-image-366\" srcset=\"https:\/\/reunivervalencia.com\/wp-content\/uploads\/2022\/06\/habitacion-doble-de-uso-individual-con-balcon-y-bano-interior.jpg 1000w, https:\/\/reunivervalencia.com\/wp-content\/uploads\/2022\/06\/habitacion-doble-de-uso-individual-con-balcon-y-bano-interior-300x300.jpg 300w, https:\/\/reunivervalencia.com\/wp-content\/uploads\/2022\/06\/habitacion-doble-de-uso-individual-con-balcon-y-bano-interior-150x150.jpg 150w, https:\/\/reunivervalencia.com\/wp-content\/uploads\/2022\/06\/habitacion-doble-de-uso-individual-con-balcon-y-bano-interior-768x768.jpg 768w, https:\/\/reunivervalencia.com\/wp-content\/uploads\/2022\/06\/habitacion-doble-de-uso-individual-con-balcon-y-bano-interior-96x96.jpg 96w\" sizes=\"(max-width: 1000px) 100vw, 1000px\" \/><\/figure>\n\n\n\n<div class=\"illustration\"><\/div>\n<\/div>\n<\/div>\n<\/div><\/div>\n\n\n\n<div class=\"wp-block-group block-7\"><div class=\"wp-block-group__inner-container\">\n<div class=\"wp-block-columns is-not-stacked-on-mobile\">\n<div class=\"wp-block-column image\">\n<figure class=\"wp-block-image size-full\"><img loading=\"lazy\" width=\"1000\" height=\"992\" src=\"http:\/\/reunivervalencia.com\/wp-content\/uploads\/2022\/06\/instalaciones.jpg\" alt=\"\" class=\"wp-image-24\" srcset=\"https:\/\/reunivervalencia.com\/wp-content\/uploads\/2022\/06\/instalaciones.jpg 1000w, https:\/\/reunivervalencia.com\/wp-content\/uploads\/2022\/06\/instalaciones-300x298.jpg 300w, https:\/\/reunivervalencia.com\/wp-content\/uploads\/2022\/06\/instalaciones-150x150.jpg 150w, https:\/\/reunivervalencia.com\/wp-content\/uploads\/2022\/06\/instalaciones-768x762.jpg 768w, https:\/\/reunivervalencia.com\/wp-content\/uploads\/2022\/06\/instalaciones-500x496.jpg 500w\" sizes=\"(max-width: 1000px) 100vw, 1000px\" \/><\/figure>\n<\/div>\n\n\n\n<div class=\"wp-block-column text\">\n<div class=\"wp-block-group\"><div class=\"wp-block-group__inner-container\">\n<h2><strong>D\u00e9couvre nos installations<\/strong><\/h2>\n\n\n\n<p>Nous mettons \u00e0 ta disposition 2000 m\u00e8tres carr\u00e9s pour que ton s\u00e9jour soit confortable.<\/p>\n\n\n\n<div class=\"wp-block-buttons\">\n<div class=\"wp-block-button\"><a class=\"wp-block-button__link\" href=\"https:\/\/reunivervalencia.com\/fr\/installations-et-services\/\">Installations<\/a><\/div>\n<\/div>\n<\/div><\/div>\n<\/div>\n<\/div>\n<\/div><\/div>\n\n\n\n<div class=\"wp-block-group block-8 featured-text image-inside-text\"><div class=\"wp-block-group__inner-container\">\n<h2>Reuniver <img loading=\"lazy\" width=\"300\" height=\"126\" class=\"wp-image-415\" style=\"width: 150px;\" src=\"http:\/\/reunivervalencia.com\/wp-content\/uploads\/2022\/06\/abierto-todo-el-ano.jpg\" alt=\"\"> est ouverte toute l\u00b4ann\u00e9e. <br>Dis nous ce que tu recherches et nous pourrons <br>sans aucun doute t&rsquo;aider.<\/h2>\n<\/div><\/div>\n\n\n\n<div class=\"wp-block-group block-9\"><div class=\"wp-block-group__inner-container\">\n<div class=\"wp-block-columns is-not-stacked-on-mobile\">\n<div class=\"wp-block-column\">\n<p><a href=\"https:\/\/reunivervalencia.com\/fr\/contactez-nous\/\">S\u00e9jour de <br>longue dur\u00e9e <br>(cours acad\u00e9mique)<\/a><\/p>\n<\/div>\n\n\n\n<div class=\"wp-block-column\">\n<p><a href=\"https:\/\/reunivervalencia.com\/fr\/contactez-nous\/\">S\u00e9jour <br>de moyenne <br>et courte dur\u00e9e<\/a><\/p>\n<\/div>\n\n\n\n<div class=\"wp-block-column\">\n<p><a href=\"https:\/\/reunivervalencia.com\/fr\/contactez-nous\/\">S\u00e9jour<br>d&rsquo;\u00e9t\u00e9.<\/a><\/p>\n<\/div>\n\n\n\n<div class=\"wp-block-column\">\n<p><a href=\"https:\/\/reunivervalencia.com\/fr\/contactez-nous\/\">Groupes<\/a><\/p>\n<\/div>\n<\/div>\n<\/div><\/div>\n\n\n\n<div class=\"wp-block-group alignfull block-10 scroll-3\"><div class=\"wp-block-group__inner-container\">\n<div class=\"wp-block-group container\"><div class=\"wp-block-group__inner-container\">\n<figure class=\"wp-block-image size-full\"><img src=\"http:\/\/reunivervalencia.com\/wp-content\/uploads\/2022\/06\/icono-certificado.svg\" alt=\"\" class=\"wp-image-369\"\/><\/figure>\n\n\n\n<h2><strong>Ton certificat d&rsquo;h\u00e9bergement<\/strong><\/h2>\n\n\n\n<p>Reuniver peut \u00e9mettre un certificat d&rsquo;h\u00e9bergement dans <br>le cadre de l&rsquo;obtention de bourses universitaires ou l&rsquo;obtention de visa <br>d&rsquo;\u00e9tudiants \u00e9trangers qui viennent \u00e9tudier \u00e0 Valencia.<\/p>\n<\/div><\/div>\n\n\n\n<div class=\"illustration\"><\/div>\n<\/div><\/div>\n\n\n\n<div class=\"wp-block-group block-11\"><div class=\"wp-block-group__inner-container\">\n<h2><strong>T\u00e9moignages<\/strong><\/h2>\n\n\n<div class=\"contTestimonios swiper-container\"><ul class=\"swiper-wrapper\"><li class=\"swiper-slide\"><div class=\"inner\"><p class=\"textoTestimonio\">Muy familiar y agradable. Limpio y cerca de la Universidad Polit\u00e9cnica. Muy satisfechos con todo y para estudiantes que no quieran ir a un piso y centrarse en el estudio.<\/p><div class=\"firma\"><p class=\"nombre\">Ernesto Polanco<\/p><\/div><\/div><\/li><li class=\"swiper-slide\"><div class=\"inner\"><p class=\"textoTestimonio\">Un trato excepcional. Estoy encantado de pasarme. Lo har\u00eda en cada ocasi\u00f3n que tuviera. Adem\u00e1s, la gente que he podido ir conociendo aqu\u00ed, me ha resultado de lo m\u00e1s simp\u00e1tica. He podido llegar a hacer muchas y muy buenas amistades.  Est\u00e1 muy bien situada y conectada con el transporte p\u00fablico. Es f\u00e1cil llegar a los sitios desde su localizaci\u00f3n. Desde mi posici\u00f3n: \u00a1Gracias!<\/p><div class=\"firma\"><p class=\"nombre\">Pablo Herrera Glez.-Quevedo<\/p><\/div><\/div><\/li><li class=\"swiper-slide\"><div class=\"inner\"><p class=\"textoTestimonio\">He podido visitar las instalaciones en profundidad por un tema laboral y os puedo asegurar que la profesionalidad y el esmero que ponen en cada detalle es digno de nombrar. Aqu\u00ed, los chicos y chicas que vienen a estudiar en Valencia se pueden sentir como en casa en una zona muy bien comunicada con las universidades. Lo recomiendo.<\/p><div class=\"firma\"><p class=\"nombre\">Jos\u00e9 Ram\u00f3n Polo<\/p><\/div><\/div><\/li><li class=\"swiper-slide\"><div class=\"inner\"><p class=\"textoTestimonio\">Si busc\u00e1is residencia universitaria para vuestros hijos en Valencia, Reuniver destaca por su ambiente familiar y su trato excepcional, tanto por parte de la direcci\u00f3n como del resto de los trabajadores. Totalmente recomendable.<\/p><div class=\"firma\"><p class=\"nombre\">Ana Bouza<\/p><\/div><\/div><\/li><li class=\"swiper-slide\"><div class=\"inner\"><p class=\"textoTestimonio\">Excelente lugar cercano a diferentes universidades, muy cerca de las principales zonas de la ciudad. El personal es muy amable y siempre dispuesto a colaborar en lo que se requiera. Pas\u00e9 un tiempo muy agradable en la residencia y es totalmente recomendable.<\/p><div class=\"firma\"><p class=\"nombre\">Julian Esteban Zamarra Londo\u00f1o<\/p><\/div><\/div><\/li><li class=\"swiper-slide\"><div class=\"inner\"><p class=\"textoTestimonio\">Gracias por hacer que nuestro hijo se sienta como en casa.<\/p><div class=\"firma\"><p class=\"nombre\">Juguettos Canajuana<\/p><\/div><\/div><\/li><li class=\"swiper-slide\"><div class=\"inner\"><p class=\"textoTestimonio\">Un lieu pour de belles vacances d'\u00e9t\u00e9. La nourriture et la propret\u00e9 ne pourraient pas \u00eatre meilleures. Le personnel est merveilleux, comme s'il faisait partie de votre famille. J'y vais depuis de nombreuses ann\u00e9es et la plupart des gens qui y vont r\u00e9p\u00e8tent... il doit y avoir une raison!<\/p><div class=\"firma\"><p class=\"nombre\">Asuncion Martinez Guerra<\/p><\/div><\/div><\/li><li class=\"swiper-slide\"><div class=\"inner\"><p class=\"textoTestimonio\">Id\u00e9al pour passer quelques jours en \u00e9t\u00e9. Service fantastique et prix super bon march\u00e9. Les chambres sont confortables et spacieuses, avec une vari\u00e9t\u00e9 de compl\u00e9ments (r\u00e9frig\u00e9rateur, TV, terrasse...). La nourriture est simple mais abondante.<\/p><div class=\"firma\"><p class=\"nombre\">Guillermo Boronat<\/p><\/div><\/div><\/li><li class=\"swiper-slide\"><div class=\"inner\"><p class=\"textoTestimonio\">I have been coming to this residence for many years, I only have words of thanks. The people who work in the residence are very nice, a stay that they make pleasant every summer. The cleanliness is excellent, and when it comes to meals they provide good quantities of food. The beach is good to walk down but if you don't want to or can't walk you have the option of the bus that leaves you in the Malvarrosa itself. The bus connections to the centre are also very good. A half hour walk away is the museum of arts and sciences, it is quite central.<\/p><div class=\"firma\"><p class=\"nombre\">Ismael Burguillo de castro<\/p><\/div><\/div><\/li><li class=\"swiper-slide\"><div class=\"inner\"><p class=\"textoTestimonio\">We lived in ReUniver 3 times with a large group of students and teachers for 1 month in the summer. For 3 years of using ReUniver, we can confidently say that this is a very convenient place to relax, work and study. Meals include a variety of dishes including traditional local cuisine. The rooms are very convenient and comfortable, air conditioning.<\/p><div class=\"firma\"><p class=\"nombre\">\u0415\u043b\u0435\u043d\u0430 \u0414\u0430\u0432\u044b\u0434\u043e\u0432\u0430<\/p><\/div><\/div><\/li><\/ul><div class=\"swiper-button-next\"><\/div><div class=\"swiper-button-prev\"><\/div><\/div>\n<\/div><\/div>\n","protected":false},"excerpt":{"rendered":"<p>Votre autre maison \u00e0 Valencia Reuniver Valencia ta r\u00e9sidence universitaire Reuniver est tr\u00e8s proche de la UPV et du campus de Los Naranjos de l&rsquo;Universit\u00e9 de Valencia. Nous accumulons une exp\u00e9rience de plus de 20 ans comme r\u00e9sidence universitaire. Notre objectif est que ton s\u00e9jour parmi nous soit une exp\u00e9rience personnelle inoubliable et que tu [&hellip;]<\/p>\n","protected":false},"author":1,"featured_media":0,"parent":0,"menu_order":0,"comment_status":"closed","ping_status":"closed","template":"fullwidth-without-title.php","meta":[],"yoast_head":"<!-- This site is optimized with the Yoast SEO plugin v19.3 - https:\/\/yoast.com\/wordpress\/plugins\/seo\/ -->\n<title>Home - Reuniver<\/title>\n<meta name=\"robots\" content=\"index, follow, max-snippet:-1, max-image-preview:large, max-video-preview:-1\" \/>\n<link rel=\"canonical\" href=\"https:\/\/reunivervalencia.com\/fr\/\" \/>\n<meta property=\"og:locale\" content=\"fr_FR\" \/>\n<meta property=\"og:type\" content=\"article\" \/>\n<meta property=\"og:title\" content=\"Home - Reuniver\" \/>\n<meta property=\"og:description\" content=\"Votre autre maison \u00e0 Valencia Reuniver Valencia ta r\u00e9sidence universitaire Reuniver est tr\u00e8s proche de la UPV et du campus de Los Naranjos de l&rsquo;Universit\u00e9 de Valencia. Nous accumulons une exp\u00e9rience de plus de 20 ans comme r\u00e9sidence universitaire. Notre objectif est que ton s\u00e9jour parmi nous soit une exp\u00e9rience personnelle inoubliable et que tu [&hellip;]\" \/>\n<meta property=\"og:url\" content=\"https:\/\/reunivervalencia.com\/fr\/\" \/>\n<meta property=\"og:site_name\" content=\"Reuniver\" \/>\n<meta property=\"article:modified_time\" content=\"2022-07-12T08:18:40+00:00\" \/>\n<meta property=\"og:image\" content=\"http:\/\/reunivervalencia.com\/wp-content\/uploads\/2022\/06\/principal-home.jpg\" \/>\n<meta name=\"twitter:card\" content=\"summary_large_image\" \/>\n<meta name=\"twitter:label1\" content=\"Dur\u00e9e de lecture estim\u00e9e\" \/>\n\t<meta name=\"twitter:data1\" content=\"3 minutes\" \/>\n<script type=\"application\/ld+json\" class=\"yoast-schema-graph\">{\"@context\":\"https:\/\/schema.org\",\"@graph\":[{\"@type\":\"WebSite\",\"@id\":\"https:\/\/reunivervalencia.com\/#website\",\"url\":\"https:\/\/reunivervalencia.com\/\",\"name\":\"Reuniver\",\"description\":\"Votre autre maison \u00e0 Valencia\",\"potentialAction\":[{\"@type\":\"SearchAction\",\"target\":{\"@type\":\"EntryPoint\",\"urlTemplate\":\"https:\/\/reunivervalencia.com\/?s={search_term_string}\"},\"query-input\":\"required name=search_term_string\"}],\"inLanguage\":\"fr-FR\"},{\"@type\":\"ImageObject\",\"inLanguage\":\"fr-FR\",\"@id\":\"https:\/\/reunivervalencia.com\/fr\/#primaryimage\",\"url\":\"http:\/\/reunivervalencia.com\/wp-content\/uploads\/2022\/06\/principal-home.jpg\",\"contentUrl\":\"http:\/\/reunivervalencia.com\/wp-content\/uploads\/2022\/06\/principal-home.jpg\"},{\"@type\":\"WebPage\",\"@id\":\"https:\/\/reunivervalencia.com\/fr\/\",\"url\":\"https:\/\/reunivervalencia.com\/fr\/\",\"name\":\"Home - Reuniver\",\"isPartOf\":{\"@id\":\"https:\/\/reunivervalencia.com\/#website\"},\"primaryImageOfPage\":{\"@id\":\"https:\/\/reunivervalencia.com\/fr\/#primaryimage\"},\"datePublished\":\"2022-06-10T07:54:12+00:00\",\"dateModified\":\"2022-07-12T08:18:40+00:00\",\"breadcrumb\":{\"@id\":\"https:\/\/reunivervalencia.com\/fr\/#breadcrumb\"},\"inLanguage\":\"fr-FR\",\"potentialAction\":[{\"@type\":\"ReadAction\",\"target\":[\"https:\/\/reunivervalencia.com\/fr\/\"]}]},{\"@type\":\"BreadcrumbList\",\"@id\":\"https:\/\/reunivervalencia.com\/fr\/#breadcrumb\",\"itemListElement\":[{\"@type\":\"ListItem\",\"position\":1,\"name\":\"Portada\",\"item\":\"https:\/\/reunivervalencia.com\/fr\/\"},{\"@type\":\"ListItem\",\"position\":2,\"name\":\"Home\"}]}]}<\/script>\n<!-- \/ Yoast SEO plugin. -->","yoast_head_json":{"title":"Home - Reuniver","robots":{"index":"index","follow":"follow","max-snippet":"max-snippet:-1","max-image-preview":"max-image-preview:large","max-video-preview":"max-video-preview:-1"},"canonical":"https:\/\/reunivervalencia.com\/fr\/","og_locale":"fr_FR","og_type":"article","og_title":"Home - Reuniver","og_description":"Votre autre maison \u00e0 Valencia Reuniver Valencia ta r\u00e9sidence universitaire Reuniver est tr\u00e8s proche de la UPV et du campus de Los Naranjos de l&rsquo;Universit\u00e9 de Valencia. Nous accumulons une exp\u00e9rience de plus de 20 ans comme r\u00e9sidence universitaire. Notre objectif est que ton s\u00e9jour parmi nous soit une exp\u00e9rience personnelle inoubliable et que tu [&hellip;]","og_url":"https:\/\/reunivervalencia.com\/fr\/","og_site_name":"Reuniver","article_modified_time":"2022-07-12T08:18:40+00:00","og_image":[{"url":"http:\/\/reunivervalencia.com\/wp-content\/uploads\/2022\/06\/principal-home.jpg"}],"twitter_card":"summary_large_image","twitter_misc":{"Dur\u00e9e de lecture estim\u00e9e":"3 minutes"},"schema":{"@context":"https:\/\/schema.org","@graph":[{"@type":"WebSite","@id":"https:\/\/reunivervalencia.com\/#website","url":"https:\/\/reunivervalencia.com\/","name":"Reuniver","description":"Votre autre maison \u00e0 Valencia","potentialAction":[{"@type":"SearchAction","target":{"@type":"EntryPoint","urlTemplate":"https:\/\/reunivervalencia.com\/?s={search_term_string}"},"query-input":"required name=search_term_string"}],"inLanguage":"fr-FR"},{"@type":"ImageObject","inLanguage":"fr-FR","@id":"https:\/\/reunivervalencia.com\/fr\/#primaryimage","url":"http:\/\/reunivervalencia.com\/wp-content\/uploads\/2022\/06\/principal-home.jpg","contentUrl":"http:\/\/reunivervalencia.com\/wp-content\/uploads\/2022\/06\/principal-home.jpg"},{"@type":"WebPage","@id":"https:\/\/reunivervalencia.com\/fr\/","url":"https:\/\/reunivervalencia.com\/fr\/","name":"Home - Reuniver","isPartOf":{"@id":"https:\/\/reunivervalencia.com\/#website"},"primaryImageOfPage":{"@id":"https:\/\/reunivervalencia.com\/fr\/#primaryimage"},"datePublished":"2022-06-10T07:54:12+00:00","dateModified":"2022-07-12T08:18:40+00:00","breadcrumb":{"@id":"https:\/\/reunivervalencia.com\/fr\/#breadcrumb"},"inLanguage":"fr-FR","potentialAction":[{"@type":"ReadAction","target":["https:\/\/reunivervalencia.com\/fr\/"]}]},{"@type":"BreadcrumbList","@id":"https:\/\/reunivervalencia.com\/fr\/#breadcrumb","itemListElement":[{"@type":"ListItem","position":1,"name":"Portada","item":"https:\/\/reunivervalencia.com\/fr\/"},{"@type":"ListItem","position":2,"name":"Home"}]}]}},"_links":{"self":[{"href":"https:\/\/reunivervalencia.com\/fr\/wp-json\/wp\/v2\/pages\/710"}],"collection":[{"href":"https:\/\/reunivervalencia.com\/fr\/wp-json\/wp\/v2\/pages"}],"about":[{"href":"https:\/\/reunivervalencia.com\/fr\/wp-json\/wp\/v2\/types\/page"}],"author":[{"embeddable":true,"href":"https:\/\/reunivervalencia.com\/fr\/wp-json\/wp\/v2\/users\/1"}],"replies":[{"embeddable":true,"href":"https:\/\/reunivervalencia.com\/fr\/wp-json\/wp\/v2\/comments?post=710"}],"version-history":[{"count":52,"href":"https:\/\/reunivervalencia.com\/fr\/wp-json\/wp\/v2\/pages\/710\/revisions"}],"predecessor-version":[{"id":1265,"href":"https:\/\/reunivervalencia.com\/fr\/wp-json\/wp\/v2\/pages\/710\/revisions\/1265"}],"wp:attachment":[{"href":"https:\/\/reunivervalencia.com\/fr\/wp-json\/wp\/v2\/media?parent=710"}],"curies":[{"name":"wp","href":"https:\/\/api.w.org\/{rel}","templated":true}]}}